{"id":16,"date":"2026-02-23T17:22:13","date_gmt":"2026-02-23T17:22:13","guid":{"rendered":"https:\/\/graveltosserne.dk\/?page_id=16"},"modified":"2026-02-25T14:46:52","modified_gmt":"2026-02-25T14:46:52","slug":"ruter","status":"publish","type":"page","link":"https:\/\/graveltosserne.dk\/index.php\/ruter\/","title":{"rendered":"Ruter"},"content":{"rendered":"\n<div class=\"wp-block-group is-layout-grid wp-container-core-group-is-layout-9649a0d9 wp-block-group-is-layout-grid\">\n<blockquote class=\"wp-block-quote is-layout-flow wp-block-quote-is-layout-flow\">\n<p>Graveltosserne <br>social ride #14 2025 Nyt\u00e5rstur <br>d. 31-12-2025<br>Tranbjerg-Brabrand-\u00c5by skov-Kolt-Tranbjerg<\/p>\n<\/blockquote>\n\n\n\n<div class=\"strava-embed-placeholder\" data-embed-type=\"route\" data-embed-id=\"3461700415638112456\" data-style=\"standard\" data-surface-type=\"true\" data-map-hash=\"10.37\/56.1168\/10.0841\" data-club-id=\"1272258\" data-from-embed=\"true\"><\/div><script src=\"https:\/\/strava-embeds.com\/embed.js\"><\/script>\n\n\n\n<div class=\"strava-embed-placeholder\" data-embed-type=\"route\" data-embed-id=\"3461708835563290048\" data-style=\"standard\" data-surface-type=\"true\" data-map-hash=\"9.99\/56.1271\/10.0841\" data-club-id=\"1272258\" data-from-embed=\"true\"><\/div><script src=\"https:\/\/strava-embeds.com\/embed.js\"><\/script>\n<\/div>\n\n\n\n<div class=\"wp-block-group is-layout-grid wp-container-core-group-is-layout-9649a0d9 wp-block-group-is-layout-grid\">\n<blockquote class=\"wp-block-quote is-layout-flow wp-block-quote-is-layout-flow\">\n<p>Graveltosserne <br>social ride #13 2025 Juletur <br>d. 21-12-2025<br>Stilling-Mesing-Gram-F\u00e6lleden-Virring-Stilling-Adslev<\/p>\n<\/blockquote>\n\n\n\n<div class=\"strava-embed-placeholder\" data-embed-type=\"route\" data-embed-id=\"3436251061151660188\" data-style=\"standard\" data-surface-type=\"true\" data-map-hash=\"10.61\/56.0632\/9.9872\" data-club-id=\"1272258\" data-from-embed=\"true\"><\/div><script src=\"https:\/\/strava-embeds.com\/embed.js\"><\/script>\n\n\n\n<div class=\"strava-embed-placeholder\" data-embed-type=\"route\" data-embed-id=\"3436285356749411862\" data-style=\"standard\" data-surface-type=\"true\" data-map-hash=\"10.43\/56.0671\/9.9811\" data-club-id=\"1272258\" data-from-embed=\"true\"><\/div><script src=\"https:\/\/strava-embeds.com\/embed.js\"><\/script>\n<\/div>\n\n\n\n<div class=\"wp-block-group is-layout-grid wp-container-core-group-is-layout-9649a0d9 wp-block-group-is-layout-grid\">\n<blockquote class=\"wp-block-quote is-layout-flow wp-block-quote-is-layout-flow\">\n<p>Graveltosserne <br>social ride #12 2025<br>d. 30-11-2025<br>F\u00e6lleden-Adslev-Brabrand stien-Tranbjerg-Solbjerg-F\u00e6lleden<\/p>\n<\/blockquote>\n\n\n\n<div class=\"strava-embed-placeholder\" data-embed-type=\"route\" data-embed-id=\"3461711450803265984\" data-style=\"standard\" data-surface-type=\"true\" data-map-hash=\"9.55\/56.0819\/10.0512\" data-club-id=\"1272258\" data-from-embed=\"true\"><\/div><script src=\"https:\/\/strava-embeds.com\/embed.js\"><\/script>\n<\/div>\n\n\n\n<div class=\"wp-block-group is-layout-grid wp-container-core-group-is-layout-9649a0d9 wp-block-group-is-layout-grid\">\n<blockquote class=\"wp-block-quote is-layout-flow wp-block-quote-is-layout-flow\">\n<p>Graveltosserne <br>social ride #11 2025<br>d. 09-11-2025<\/p>\n<\/blockquote>\n\n\n\n<div class=\"strava-embed-placeholder\" data-embed-type=\"route\" data-embed-id=\"3420143025426589518\" data-style=\"standard\" data-surface-type=\"true\" data-club-id=\"1272258\" data-from-embed=\"false\"><\/div><script src=\"https:\/\/strava-embeds.com\/embed.js\"><\/script>\n\n\n\n<div class=\"strava-embed-placeholder\" data-embed-type=\"route\" data-embed-id=\"3420137249768566346\" data-style=\"standard\" data-surface-type=\"true\" data-map-hash=\"9.81\/56.0018\/10.0875\" data-club-id=\"1272258\" data-from-embed=\"true\"><\/div><script src=\"https:\/\/strava-embeds.com\/embed.js\"><\/script>\n<\/div>\n\n\n\n<div class=\"wp-block-group is-layout-grid wp-container-core-group-is-layout-9649a0d9 wp-block-group-is-layout-grid\">\n<blockquote class=\"wp-block-quote is-layout-flow wp-block-quote-is-layout-flow\">\n<p>Graveltosserne <br>social ride #10 2025<\/p>\n<\/blockquote>\n\n\n\n<div class=\"strava-embed-placeholder\" data-embed-type=\"route\" data-embed-id=\"3414972558212574424\" data-style=\"standard\" data-surface-type=\"true\" data-map-hash=\"10.28\/56.0161\/9.9152\" data-club-id=\"1272258\" data-from-embed=\"true\"><\/div><script src=\"https:\/\/strava-embeds.com\/embed.js\"><\/script>\n\n\n\n<div class=\"strava-embed-placeholder\" data-embed-type=\"route\" data-embed-id=\"3414969169526817984\" data-style=\"standard\" data-surface-type=\"true\" data-club-id=\"1272258\" data-from-embed=\"false\"><\/div><script src=\"https:\/\/strava-embeds.com\/embed.js\"><\/script>\n<\/div>\n\n\n\n<p><\/p>\n","protected":false},"excerpt":{"rendered":"<p>Graveltosserne social ride #14 2025 Nyt\u00e5rstur d. 31-12-2025Tranbjerg-Brabrand-\u00c5by skov-Kolt-Tranbjerg Graveltosserne social ride #13 2025 Juletur d. 21-12-2025Stilling-Mesing-Gram-F\u00e6lleden-Virring-Stilling-Adslev Graveltosserne social ride #12 2025d. 30-11-2025F\u00e6lleden-Adslev-Brabrand stien-Tranbjerg-Solbjerg-F\u00e6lleden Graveltosserne social ride #11 2025d. 09-11-2025 Graveltosserne social ride #10 2025<\/p>\n","protected":false},"author":1,"featured_media":0,"parent":0,"menu_order":0,"comment_status":"closed","ping_status":"closed","template":"","meta":{"footnotes":""},"class_list":["post-16","page","type-page","status-publish","hentry"],"_links":{"self":[{"href":"https:\/\/graveltosserne.dk\/index.php\/wp-json\/wp\/v2\/pages\/16","targetHints":{"allow":["GET"]}}],"collection":[{"href":"https:\/\/graveltosserne.dk\/index.php\/wp-json\/wp\/v2\/pages"}],"about":[{"href":"https:\/\/graveltosserne.dk\/index.php\/wp-json\/wp\/v2\/types\/page"}],"author":[{"embeddable":true,"href":"https:\/\/graveltosserne.dk\/index.php\/wp-json\/wp\/v2\/users\/1"}],"replies":[{"embeddable":true,"href":"https:\/\/graveltosserne.dk\/index.php\/wp-json\/wp\/v2\/comments?post=16"}],"version-history":[{"count":28,"href":"https:\/\/graveltosserne.dk\/index.php\/wp-json\/wp\/v2\/pages\/16\/revisions"}],"predecessor-version":[{"id":169,"href":"https:\/\/graveltosserne.dk\/index.php\/wp-json\/wp\/v2\/pages\/16\/revisions\/169"}],"wp:attachment":[{"href":"https:\/\/graveltosserne.dk\/index.php\/wp-json\/wp\/v2\/media?parent=16"}],"curies":[{"name":"wp","href":"https:\/\/api.w.org\/{rel}","templated":true}]}}