{"id":2,"date":"2026-02-18T09:33:09","date_gmt":"2026-02-18T09:33:09","guid":{"rendered":"http:\/\/graveltosserne.dk\/?page_id=2"},"modified":"2026-02-23T21:14:18","modified_gmt":"2026-02-23T21:14:18","slug":"sample-page","status":"publish","type":"page","link":"https:\/\/graveltosserne.dk\/","title":{"rendered":"Info"},"content":{"rendered":"\n<p>Graveltosserne er Frank Elbek, Helene Damsgaard og Peter Damsgaard.<\/p>\n\n\n\n<p>Og m\u00e5ske ogs\u00e5 dig\ud83e\udd29\ud83e\udd29\ud83d\udeb4<\/p>\n\n\n\n<p>Vi elsker hele konceptet omkring Gravel og vil helt vild gerne dele med andre\ud83d\ude0e\ud83e\udd73<\/p>\n\n\n\n<p>Gravel er noget vi deler med hinanden\ud83d\ude07\u263a\ufe0f<\/p>\n\n\n\n<p>Vores motto er oplevelser frem for fart\ud83d\udc4d, og gerne med kaffe\/kage stop eller ved afslutning.<\/p>\n\n\n\n<p>Vi arrangere social ride n\u00e5r tiden og vejret tillader det. S\u00e5 hold \u00f8je med siden\ud83e\udd29\ud83d\udeb4<\/p>\n\n\n\n<p><a href=\"https:\/\/www.facebook.com\/groups\/1069629317365289\">Graveltosserne p\u00e5 facebook<\/a><\/p>\n\n\n\n<p><\/p>\n","protected":false},"excerpt":{"rendered":"<p>Graveltosserne er Frank Elbek, Helene Damsgaard og Peter Damsgaard. Og m\u00e5ske ogs\u00e5 dig\ud83e\udd29\ud83e\udd29\ud83d\udeb4 Vi elsker hele konceptet omkring Gravel og vil helt vild gerne dele med andre\ud83d\ude0e\ud83e\udd73 Gravel er noget vi deler med hinanden\ud83d\ude07\u263a\ufe0f Vores motto er oplevelser frem for fart\ud83d\udc4d, og gerne med kaffe\/kage stop eller ved afslutning. Vi arrangere social ride n\u00e5r tiden &hellip; <\/p>\n<p class=\"link-more\"><a href=\"https:\/\/graveltosserne.dk\/\" class=\"more-link\">L\u00e6s videre<span class=\"screen-reader-text\"> &#8220;Info&#8221;<\/span><\/a><\/p>\n","protected":false},"author":1,"featured_media":0,"parent":0,"menu_order":0,"comment_status":"closed","ping_status":"open","template":"","meta":{"footnotes":""},"class_list":["post-2","page","type-page","status-publish","hentry"],"_links":{"self":[{"href":"https:\/\/graveltosserne.dk\/index.php\/wp-json\/wp\/v2\/pages\/2","targetHints":{"allow":["GET"]}}],"collection":[{"href":"https:\/\/graveltosserne.dk\/index.php\/wp-json\/wp\/v2\/pages"}],"about":[{"href":"https:\/\/graveltosserne.dk\/index.php\/wp-json\/wp\/v2\/types\/page"}],"author":[{"embeddable":true,"href":"https:\/\/graveltosserne.dk\/index.php\/wp-json\/wp\/v2\/users\/1"}],"replies":[{"embeddable":true,"href":"https:\/\/graveltosserne.dk\/index.php\/wp-json\/wp\/v2\/comments?post=2"}],"version-history":[{"count":4,"href":"https:\/\/graveltosserne.dk\/index.php\/wp-json\/wp\/v2\/pages\/2\/revisions"}],"predecessor-version":[{"id":38,"href":"https:\/\/graveltosserne.dk\/index.php\/wp-json\/wp\/v2\/pages\/2\/revisions\/38"}],"wp:attachment":[{"href":"https:\/\/graveltosserne.dk\/index.php\/wp-json\/wp\/v2\/media?parent=2"}],"curies":[{"name":"wp","href":"https:\/\/api.w.org\/{rel}","templated":true}]}}